{"id":994,"date":"2017-03-27T17:00:31","date_gmt":"2017-03-27T15:00:31","guid":{"rendered":"https:\/\/invest-in-namur.be\/?page_id=994"},"modified":"2020-07-13T09:50:44","modified_gmt":"2020-07-13T07:50:44","slug":"filieres","status":"publish","type":"page","link":"https:\/\/www.invest-in-namur.be\/nl\/filieres\/","title":{"rendered":"Creatieve en digitale economie"},"content":{"rendered":"<p class=\"qtranxs-available-languages-message qtranxs-available-languages-message-nl\">Onze verontschuldigingen, dit bericht is alleen beschikbaar in <a href=\"https:\/\/www.invest-in-namur.be\/fr\/wp-json\/wp\/v2\/pages\/994\" class=\"qtranxs-available-language-link qtranxs-available-language-link-fr\" title=\"FR\">FR<\/a>.<\/p><p><\/p>\n<p><a href=\"https:\/\/www.invest-in-namur.be\/wp-content\/uploads\/2018\/09\/Calendrier-num\u00e9rique-UNamur.docx\">Calendrier num\u00e9rique UNamur<\/a><\/p>\n<p><\/p>","protected":false},"excerpt":{"rendered":"<p>Onze verontschuldigingen, dit bericht is alleen beschikbaar in FR. Calendrier num\u00e9rique UNamur<\/p>\n","protected":false},"author":1,"featured_media":0,"parent":0,"menu_order":0,"comment_status":"closed","ping_status":"closed","template":"","meta":{"footnotes":""},"class_list":["post-994","page","type-page","status-publish","hentry"],"yoast_head":"<!-- This site is optimized with the Yoast SEO plugin v27.5 - https:\/\/yoast.com\/product\/yoast-seo-wordpress\/ -->\n<title>Creatieve en digitale economie  - Invest in Namur<\/title>\n<meta name=\"description\" content=\"Un projet entre art, business et nouvelles technologies\u00a0? Tirez profit des comp\u00e9tences namuroises en cr\u00e9ativit\u00e9, en innovation et en entreprenariat.\" \/>\n<meta name=\"robots\" content=\"index, follow, max-snippet:-1, max-image-preview:large, max-video-preview:-1\" \/>\n<link rel=\"canonical\" href=\"https:\/\/www.invest-in-namur.be\/nl\/filieres\/\" \/>\n<meta property=\"og:locale\" content=\"nl_NL\" \/>\n<meta property=\"og:type\" content=\"article\" \/>\n<meta property=\"og:title\" content=\"[:fr]Economie cr\u00e9ative et num\u00e9rique[:en]A creative and digital economy [:nl]Creatieve en digitale economie [:] - Invest in Namur\" \/>\n<meta property=\"og:description\" content=\"Un projet entre art, business et nouvelles technologies\u00a0? Tirez profit des comp\u00e9tences namuroises en cr\u00e9ativit\u00e9, en innovation et en entreprenariat.\" \/>\n<meta property=\"og:url\" content=\"https:\/\/www.invest-in-namur.be\/nl\/filieres\/\" \/>\n<meta property=\"og:site_name\" content=\"Invest in Namur\" \/>\n<meta property=\"article:modified_time\" content=\"2020-07-13T07:50:44+00:00\" \/>\n<meta name=\"twitter:card\" content=\"summary_large_image\" \/>\n<script type=\"application\/ld+json\" class=\"yoast-schema-graph\">{\"@context\":\"https:\\\/\\\/schema.org\",\"@graph\":[{\"@type\":\"WebPage\",\"@id\":\"https:\\\/\\\/www.invest-in-namur.be\\\/nl\\\/filieres\\\/\",\"url\":\"https:\\\/\\\/www.invest-in-namur.be\\\/nl\\\/filieres\\\/\",\"name\":\"[:fr]Economie cr\u00e9ative et num\u00e9rique[:en]A creative and digital economy [:nl]Creatieve en digitale economie [:] - Invest in Namur\",\"isPartOf\":{\"@id\":\"https:\\\/\\\/www.invest-in-namur.be\\\/#website\"},\"datePublished\":\"2017-03-27T15:00:31+00:00\",\"dateModified\":\"2020-07-13T07:50:44+00:00\",\"description\":\"Un projet entre art, business et nouvelles technologies\u00a0? Tirez profit des comp\u00e9tences namuroises en cr\u00e9ativit\u00e9, en innovation et en entreprenariat.\",\"breadcrumb\":{\"@id\":\"https:\\\/\\\/www.invest-in-namur.be\\\/nl\\\/filieres\\\/#breadcrumb\"},\"inLanguage\":\"nl-NL\",\"potentialAction\":[{\"@type\":\"ReadAction\",\"target\":[\"https:\\\/\\\/www.invest-in-namur.be\\\/nl\\\/filieres\\\/\"]}]},{\"@type\":\"BreadcrumbList\",\"@id\":\"https:\\\/\\\/www.invest-in-namur.be\\\/nl\\\/filieres\\\/#breadcrumb\",\"itemListElement\":[{\"@type\":\"ListItem\",\"position\":1,\"name\":\"Accueil\",\"item\":\"https:\\\/\\\/www.invest-in-namur.be\\\/\"},{\"@type\":\"ListItem\",\"position\":2,\"name\":\"Creatieve en digitale economie\"}]},{\"@type\":\"WebSite\",\"@id\":\"https:\\\/\\\/www.invest-in-namur.be\\\/#website\",\"url\":\"https:\\\/\\\/www.invest-in-namur.be\\\/\",\"name\":\"Invest in Namur\",\"description\":\"Smart People. Smart Business.\",\"potentialAction\":[{\"@type\":\"SearchAction\",\"target\":{\"@type\":\"EntryPoint\",\"urlTemplate\":\"https:\\\/\\\/www.invest-in-namur.be\\\/?s={search_term_string}\"},\"query-input\":{\"@type\":\"PropertyValueSpecification\",\"valueRequired\":true,\"valueName\":\"search_term_string\"}}],\"inLanguage\":\"nl-NL\"}]}<\/script>\n<!-- \/ Yoast SEO plugin. -->","yoast_head_json":{"title":"[:fr]Economie cr\u00e9ative et num\u00e9rique[:en]A creative and digital economy [:nl]Creatieve en digitale economie [:] - Invest in Namur","description":"Un projet entre art, business et nouvelles technologies\u00a0? Tirez profit des comp\u00e9tences namuroises en cr\u00e9ativit\u00e9, en innovation et en entreprenariat.","robots":{"index":"index","follow":"follow","max-snippet":"max-snippet:-1","max-image-preview":"max-image-preview:large","max-video-preview":"max-video-preview:-1"},"canonical":"https:\/\/www.invest-in-namur.be\/nl\/filieres\/","og_locale":"nl_NL","og_type":"article","og_title":"[:fr]Economie cr\u00e9ative et num\u00e9rique[:en]A creative and digital economy [:nl]Creatieve en digitale economie [:] - Invest in Namur","og_description":"Un projet entre art, business et nouvelles technologies\u00a0? Tirez profit des comp\u00e9tences namuroises en cr\u00e9ativit\u00e9, en innovation et en entreprenariat.","og_url":"https:\/\/www.invest-in-namur.be\/nl\/filieres\/","og_site_name":"Invest in Namur","article_modified_time":"2020-07-13T07:50:44+00:00","twitter_card":"summary_large_image","schema":{"@context":"https:\/\/schema.org","@graph":[{"@type":"WebPage","@id":"https:\/\/www.invest-in-namur.be\/nl\/filieres\/","url":"https:\/\/www.invest-in-namur.be\/nl\/filieres\/","name":"[:fr]Economie cr\u00e9ative et num\u00e9rique[:en]A creative and digital economy [:nl]Creatieve en digitale economie [:] - Invest in Namur","isPartOf":{"@id":"https:\/\/www.invest-in-namur.be\/#website"},"datePublished":"2017-03-27T15:00:31+00:00","dateModified":"2020-07-13T07:50:44+00:00","description":"Un projet entre art, business et nouvelles technologies\u00a0? Tirez profit des comp\u00e9tences namuroises en cr\u00e9ativit\u00e9, en innovation et en entreprenariat.","breadcrumb":{"@id":"https:\/\/www.invest-in-namur.be\/nl\/filieres\/#breadcrumb"},"inLanguage":"nl-NL","potentialAction":[{"@type":"ReadAction","target":["https:\/\/www.invest-in-namur.be\/nl\/filieres\/"]}]},{"@type":"BreadcrumbList","@id":"https:\/\/www.invest-in-namur.be\/nl\/filieres\/#breadcrumb","itemListElement":[{"@type":"ListItem","position":1,"name":"Accueil","item":"https:\/\/www.invest-in-namur.be\/"},{"@type":"ListItem","position":2,"name":"Creatieve en digitale economie"}]},{"@type":"WebSite","@id":"https:\/\/www.invest-in-namur.be\/#website","url":"https:\/\/www.invest-in-namur.be\/","name":"Invest in Namur","description":"Smart People. Smart Business.","potentialAction":[{"@type":"SearchAction","target":{"@type":"EntryPoint","urlTemplate":"https:\/\/www.invest-in-namur.be\/?s={search_term_string}"},"query-input":{"@type":"PropertyValueSpecification","valueRequired":true,"valueName":"search_term_string"}}],"inLanguage":"nl-NL"}]}},"_links":{"self":[{"href":"https:\/\/www.invest-in-namur.be\/nl\/wp-json\/wp\/v2\/pages\/994","targetHints":{"allow":["GET"]}}],"collection":[{"href":"https:\/\/www.invest-in-namur.be\/nl\/wp-json\/wp\/v2\/pages"}],"about":[{"href":"https:\/\/www.invest-in-namur.be\/nl\/wp-json\/wp\/v2\/types\/page"}],"author":[{"embeddable":true,"href":"https:\/\/www.invest-in-namur.be\/nl\/wp-json\/wp\/v2\/users\/1"}],"replies":[{"embeddable":true,"href":"https:\/\/www.invest-in-namur.be\/nl\/wp-json\/wp\/v2\/comments?post=994"}],"version-history":[{"count":5,"href":"https:\/\/www.invest-in-namur.be\/nl\/wp-json\/wp\/v2\/pages\/994\/revisions"}],"predecessor-version":[{"id":2512,"href":"https:\/\/www.invest-in-namur.be\/nl\/wp-json\/wp\/v2\/pages\/994\/revisions\/2512"}],"wp:attachment":[{"href":"https:\/\/www.invest-in-namur.be\/nl\/wp-json\/wp\/v2\/media?parent=994"}],"curies":[{"name":"wp","href":"https:\/\/api.w.org\/{rel}","templated":true}]}}