{"id":1000,"date":"2017-03-27T17:02:04","date_gmt":"2017-03-27T15:02:04","guid":{"rendered":"https:\/\/invest-in-namur.be\/?page_id=1000"},"modified":"2024-08-01T15:30:19","modified_gmt":"2024-08-01T13:30:19","slug":"liens-utiles","status":"publish","type":"page","link":"https:\/\/www.invest-in-namur.be\/en\/liens-utiles\/","title":{"rendered":"Useful links"},"content":{"rendered":"","protected":false},"excerpt":{"rendered":"","protected":false},"author":1,"featured_media":0,"parent":0,"menu_order":0,"comment_status":"closed","ping_status":"closed","template":"","meta":{"footnotes":""},"class_list":["post-1000","page","type-page","status-publish","hentry"],"yoast_head":"<!-- This site is optimized with the Yoast SEO plugin v27.4 - https:\/\/yoast.com\/product\/yoast-seo-wordpress\/ -->\n<title>Liens utiles du site Invest in Namur - pourquoi s&#039;implanter en Wallonie, \u00e0 Namur<\/title>\n<meta name=\"description\" content=\"Les entreprises qui veulent se d\u00e9velopper \u00e0 Namur sont accompagn\u00e9es dans leurs d\u00e9marches administratives et les formalit\u00e9s pratiques.\" \/>\n<meta name=\"robots\" content=\"index, follow, max-snippet:-1, max-image-preview:large, max-video-preview:-1\" \/>\n<link rel=\"canonical\" href=\"https:\/\/www.invest-in-namur.be\/liens-utiles\/\" \/>\n<meta property=\"og:locale\" content=\"en_US\" \/>\n<meta property=\"og:type\" content=\"article\" \/>\n<meta property=\"og:title\" content=\"[:en]Liens utiles du site Invest in Namur - pourquoi s&#039;implanter en Wallonie, \u00e0 Namur[:nl]Liens utiles du site Invest in Namur - pourquoi s&#039;implanter en Wallonie, \u00e0 Namur[:]\" \/>\n<meta property=\"og:description\" content=\"Les entreprises qui veulent se d\u00e9velopper \u00e0 Namur sont accompagn\u00e9es dans leurs d\u00e9marches administratives et les formalit\u00e9s pratiques.\" \/>\n<meta property=\"og:url\" content=\"https:\/\/www.invest-in-namur.be\/liens-utiles\/\" \/>\n<meta property=\"og:site_name\" content=\"Invest in Namur\" \/>\n<meta property=\"article:modified_time\" content=\"2024-08-01T13:30:19+00:00\" \/>\n<meta name=\"twitter:card\" content=\"summary_large_image\" \/>\n<script type=\"application\/ld+json\" class=\"yoast-schema-graph\">{\"@context\":\"https:\\\/\\\/schema.org\",\"@graph\":[{\"@type\":\"WebPage\",\"@id\":\"https:\\\/\\\/www.invest-in-namur.be\\\/liens-utiles\\\/\",\"url\":\"https:\\\/\\\/www.invest-in-namur.be\\\/liens-utiles\\\/\",\"name\":\"[:en]Liens utiles du site Invest in Namur - pourquoi s'implanter en Wallonie, \u00e0 Namur[:nl]Liens utiles du site Invest in Namur - pourquoi s'implanter en Wallonie, \u00e0 Namur[:]\",\"isPartOf\":{\"@id\":\"https:\\\/\\\/www.invest-in-namur.be\\\/#website\"},\"datePublished\":\"2017-03-27T15:02:04+00:00\",\"dateModified\":\"2024-08-01T13:30:19+00:00\",\"description\":\"Les entreprises qui veulent se d\u00e9velopper \u00e0 Namur sont accompagn\u00e9es dans leurs d\u00e9marches administratives et les formalit\u00e9s pratiques.\",\"breadcrumb\":{\"@id\":\"https:\\\/\\\/www.invest-in-namur.be\\\/liens-utiles\\\/#breadcrumb\"},\"inLanguage\":\"en-US\",\"potentialAction\":[{\"@type\":\"ReadAction\",\"target\":[\"https:\\\/\\\/www.invest-in-namur.be\\\/liens-utiles\\\/\"]}]},{\"@type\":\"BreadcrumbList\",\"@id\":\"https:\\\/\\\/www.invest-in-namur.be\\\/liens-utiles\\\/#breadcrumb\",\"itemListElement\":[{\"@type\":\"ListItem\",\"position\":1,\"name\":\"Accueil\",\"item\":\"https:\\\/\\\/www.invest-in-namur.be\\\/\"},{\"@type\":\"ListItem\",\"position\":2,\"name\":\"Liens utiles\"}]},{\"@type\":\"WebSite\",\"@id\":\"https:\\\/\\\/www.invest-in-namur.be\\\/#website\",\"url\":\"https:\\\/\\\/www.invest-in-namur.be\\\/\",\"name\":\"Invest in Namur\",\"description\":\"Smart People. Smart Business.\",\"potentialAction\":[{\"@type\":\"SearchAction\",\"target\":{\"@type\":\"EntryPoint\",\"urlTemplate\":\"https:\\\/\\\/www.invest-in-namur.be\\\/?s={search_term_string}\"},\"query-input\":{\"@type\":\"PropertyValueSpecification\",\"valueRequired\":true,\"valueName\":\"search_term_string\"}}],\"inLanguage\":\"en-US\"}]}<\/script>\n<!-- \/ Yoast SEO plugin. -->","yoast_head_json":{"title":"[:en]Liens utiles du site Invest in Namur - pourquoi s'implanter en Wallonie, \u00e0 Namur[:nl]Liens utiles du site Invest in Namur - pourquoi s'implanter en Wallonie, \u00e0 Namur[:]","description":"Les entreprises qui veulent se d\u00e9velopper \u00e0 Namur sont accompagn\u00e9es dans leurs d\u00e9marches administratives et les formalit\u00e9s pratiques.","robots":{"index":"index","follow":"follow","max-snippet":"max-snippet:-1","max-image-preview":"max-image-preview:large","max-video-preview":"max-video-preview:-1"},"canonical":"https:\/\/www.invest-in-namur.be\/liens-utiles\/","og_locale":"en_US","og_type":"article","og_title":"[:en]Liens utiles du site Invest in Namur - pourquoi s'implanter en Wallonie, \u00e0 Namur[:nl]Liens utiles du site Invest in Namur - pourquoi s'implanter en Wallonie, \u00e0 Namur[:]","og_description":"Les entreprises qui veulent se d\u00e9velopper \u00e0 Namur sont accompagn\u00e9es dans leurs d\u00e9marches administratives et les formalit\u00e9s pratiques.","og_url":"https:\/\/www.invest-in-namur.be\/liens-utiles\/","og_site_name":"Invest in Namur","article_modified_time":"2024-08-01T13:30:19+00:00","twitter_card":"summary_large_image","schema":{"@context":"https:\/\/schema.org","@graph":[{"@type":"WebPage","@id":"https:\/\/www.invest-in-namur.be\/liens-utiles\/","url":"https:\/\/www.invest-in-namur.be\/liens-utiles\/","name":"[:en]Liens utiles du site Invest in Namur - pourquoi s'implanter en Wallonie, \u00e0 Namur[:nl]Liens utiles du site Invest in Namur - pourquoi s'implanter en Wallonie, \u00e0 Namur[:]","isPartOf":{"@id":"https:\/\/www.invest-in-namur.be\/#website"},"datePublished":"2017-03-27T15:02:04+00:00","dateModified":"2024-08-01T13:30:19+00:00","description":"Les entreprises qui veulent se d\u00e9velopper \u00e0 Namur sont accompagn\u00e9es dans leurs d\u00e9marches administratives et les formalit\u00e9s pratiques.","breadcrumb":{"@id":"https:\/\/www.invest-in-namur.be\/liens-utiles\/#breadcrumb"},"inLanguage":"en-US","potentialAction":[{"@type":"ReadAction","target":["https:\/\/www.invest-in-namur.be\/liens-utiles\/"]}]},{"@type":"BreadcrumbList","@id":"https:\/\/www.invest-in-namur.be\/liens-utiles\/#breadcrumb","itemListElement":[{"@type":"ListItem","position":1,"name":"Accueil","item":"https:\/\/www.invest-in-namur.be\/"},{"@type":"ListItem","position":2,"name":"Liens utiles"}]},{"@type":"WebSite","@id":"https:\/\/www.invest-in-namur.be\/#website","url":"https:\/\/www.invest-in-namur.be\/","name":"Invest in Namur","description":"Smart People. Smart Business.","potentialAction":[{"@type":"SearchAction","target":{"@type":"EntryPoint","urlTemplate":"https:\/\/www.invest-in-namur.be\/?s={search_term_string}"},"query-input":{"@type":"PropertyValueSpecification","valueRequired":true,"valueName":"search_term_string"}}],"inLanguage":"en-US"}]}},"_links":{"self":[{"href":"https:\/\/www.invest-in-namur.be\/en\/wp-json\/wp\/v2\/pages\/1000","targetHints":{"allow":["GET"]}}],"collection":[{"href":"https:\/\/www.invest-in-namur.be\/en\/wp-json\/wp\/v2\/pages"}],"about":[{"href":"https:\/\/www.invest-in-namur.be\/en\/wp-json\/wp\/v2\/types\/page"}],"author":[{"embeddable":true,"href":"https:\/\/www.invest-in-namur.be\/en\/wp-json\/wp\/v2\/users\/1"}],"replies":[{"embeddable":true,"href":"https:\/\/www.invest-in-namur.be\/en\/wp-json\/wp\/v2\/comments?post=1000"}],"version-history":[{"count":8,"href":"https:\/\/www.invest-in-namur.be\/en\/wp-json\/wp\/v2\/pages\/1000\/revisions"}],"predecessor-version":[{"id":3571,"href":"https:\/\/www.invest-in-namur.be\/en\/wp-json\/wp\/v2\/pages\/1000\/revisions\/3571"}],"wp:attachment":[{"href":"https:\/\/www.invest-in-namur.be\/en\/wp-json\/wp\/v2\/media?parent=1000"}],"curies":[{"name":"wp","href":"https:\/\/api.w.org\/{rel}","templated":true}]}}